{"id":295,"date":"2025-08-06T10:57:02","date_gmt":"2025-08-06T10:57:02","guid":{"rendered":"https:\/\/tonveto.ch\/?page_id=295"},"modified":"2025-08-06T12:23:00","modified_gmt":"2025-08-06T12:23:00","slug":"about","status":"publish","type":"page","link":"https:\/\/tonveto.ch\/?page_id=295","title":{"rendered":"about"},"content":{"rendered":"\t\t<div data-elementor-type=\"wp-page\" data-elementor-id=\"295\" class=\"elementor elementor-295\">\n\t\t\t\t<div class=\"elementor-element elementor-element-f3820be e-con-full header-wrap e-flex e-con e-parent\" data-id=\"f3820be\" data-element_type=\"container\">\n\t\t<div class=\"elementor-element elementor-element-19221ad e-flex e-con-boxed e-con e-child\" data-id=\"19221ad\" data-element_type=\"container\">\n\t\t\t\t\t<div class=\"e-con-inner\">\n\t\t<div class=\"elementor-element elementor-element-6265651 e-con-full logo-col e-flex e-con e-child\" data-id=\"6265651\" data-element_type=\"container\">\n\t\t\t\t<div class=\"elementor-element elementor-element-9ee5adc elementor-widget elementor-widget-image\" data-id=\"9ee5adc\" data-element_type=\"widget\" data-widget_type=\"image.default\">\n\t\t\t\t<div class=\"elementor-widget-container\">\n\t\t\t\t\t\t\t\t\t\t\t\t\t\t\t<img fetchpriority=\"high\" decoding=\"async\" width=\"300\" height=\"300\" src=\"https:\/\/tonveto.ch\/wp-content\/uploads\/2025\/07\/tonveto_logo_final.png\" class=\"attachment-full size-full wp-image-289\" alt=\"\" srcset=\"https:\/\/tonveto.ch\/wp-content\/uploads\/2025\/07\/tonveto_logo_final.png 300w, https:\/\/tonveto.ch\/wp-content\/uploads\/2025\/07\/tonveto_logo_final-150x150.png 150w\" sizes=\"(max-width: 300px) 100vw, 300px\" \/>\t\t\t\t\t\t\t\t\t\t\t\t\t\t\t<\/div>\n\t\t\t\t<\/div>\n\t\t\t\t<\/div>\n\t\t<div class=\"elementor-element elementor-element-bc10828 e-con-full menu-col e-flex e-con e-child\" data-id=\"bc10828\" data-element_type=\"container\">\n\t\t\t\t<div class=\"elementor-element elementor-element-3aa6723 elementor-widget elementor-widget-spacer\" data-id=\"3aa6723\" data-element_type=\"widget\" data-widget_type=\"spacer.default\">\n\t\t\t\t<div class=\"elementor-widget-container\">\n\t\t\t\t\t\t\t<div class=\"elementor-spacer\">\n\t\t\t<div class=\"elementor-spacer-inner\"><\/div>\n\t\t<\/div>\n\t\t\t\t\t\t<\/div>\n\t\t\t\t<\/div>\n\t\t\t\t<div class=\"elementor-element elementor-element-d0febca eael-simple-menu-hamburger-align-center eael_simple_menu_hamburger_disable_selected_menu_no eael-hamburger--tablet elementor-widget elementor-widget-eael-simple-menu\" data-id=\"d0febca\" data-element_type=\"widget\" data-widget_type=\"eael-simple-menu.default\">\n\t\t\t\t<div class=\"elementor-widget-container\">\n\t\t\t\t\t<style>\n                        @media screen and (max-width: 1024px) {\n                            .eael-hamburger--tablet {\n                                .eael-simple-menu-horizontal,\n                                .eael-simple-menu-vertical {\n                                    display: none;\n                                }\n                            }\n                            .eael-hamburger--tablet {\n                                .eael-simple-menu-container .eael-simple-menu-toggle {\n                                    display: block;\n                                }\n                            }\n                        }\n                    <\/style>            <div data-hamburger-icon=\"&lt;svg aria-hidden=&quot;true&quot; class=&quot;e-font-icon-svg e-fas-bars&quot; viewBox=&quot;0 0 448 512&quot; xmlns=&quot;http:\/\/www.w3.org\/2000\/svg&quot;&gt;&lt;path d=&quot;M16 132h416c8.837 0 16-7.163 16-16V76c0-8.837-7.163-16-16-16H16C7.163 60 0 67.163 0 76v40c0 8.837 7.163 16 16 16zm0 160h416c8.837 0 16-7.163 16-16v-40c0-8.837-7.163-16-16-16H16c-8.837 0-16 7.163-16 16v40c0 8.837 7.163 16 16 16zm0 160h416c8.837 0 16-7.163 16-16v-40c0-8.837-7.163-16-16-16H16c-8.837 0-16 7.163-16 16v40c0 8.837 7.163 16 16 16z&quot;&gt;&lt;\/path&gt;&lt;\/svg&gt;\" data-indicator-icon=\"&lt;svg aria-hidden=&quot;true&quot; class=&quot;e-font-icon-svg e-fas-angle-down&quot; viewBox=&quot;0 0 320 512&quot; xmlns=&quot;http:\/\/www.w3.org\/2000\/svg&quot;&gt;&lt;path d=&quot;M143 352.3L7 216.3c-9.4-9.4-9.4-24.6 0-33.9l22.6-22.6c9.4-9.4 24.6-9.4 33.9 0l96.4 96.4 96.4-96.4c9.4-9.4 24.6-9.4 33.9 0l22.6 22.6c9.4 9.4 9.4 24.6 0 33.9l-136 136c-9.2 9.4-24.4 9.4-33.8 0z&quot;&gt;&lt;\/path&gt;&lt;\/svg&gt;\" data-dropdown-indicator-icon=\"&lt;svg class=&quot;e-font-icon-svg e-fas-angle-down&quot; viewBox=&quot;0 0 320 512&quot; xmlns=&quot;http:\/\/www.w3.org\/2000\/svg&quot;&gt;&lt;path d=&quot;M143 352.3L7 216.3c-9.4-9.4-9.4-24.6 0-33.9l22.6-22.6c9.4-9.4 24.6-9.4 33.9 0l96.4 96.4 96.4-96.4c9.4-9.4 24.6-9.4 33.9 0l22.6 22.6c9.4 9.4 9.4 24.6 0 33.9l-136 136c-9.2 9.4-24.4 9.4-33.8 0z&quot;&gt;&lt;\/path&gt;&lt;\/svg&gt;\" class=\"eael-simple-menu-container eael-simple-menu-align-left eael-simple-menu-dropdown-align-left preset-1\" data-hamburger-breakpoints=\"{&quot;mobile&quot;:&quot;Mobile Portrait (&gt; 767px)&quot;,&quot;tablet&quot;:&quot;Tablet Portrait (&gt; 1024px)&quot;,&quot;desktop&quot;:&quot;Desktop (&gt; 2400px)&quot;,&quot;none&quot;:&quot;None&quot;}\" data-hamburger-device=\"tablet\">\n                <ul id=\"menu-tonveto\" class=\"eael-simple-menu eael-simple-menu-dropdown-animate-to-top eael-simple-menu-indicator eael-hamburger-center eael-simple-menu-horizontal\"><li id=\"menu-item-41\" class=\"menu-item menu-item-type-custom menu-item-object-custom menu-item-home menu-item-41\"><a href=\"https:\/\/tonveto.ch\/#accueil\">Accueil<\/a><\/li>\n<li id=\"menu-item-42\" class=\"menu-item menu-item-type-custom menu-item-object-custom menu-item-home menu-item-42\"><a href=\"https:\/\/tonveto.ch\/#services\">Services<\/a><\/li>\n<li id=\"menu-item-43\" class=\"menu-item menu-item-type-custom menu-item-object-custom menu-item-home menu-item-43\"><a href=\"https:\/\/tonveto.ch\/#apropos\">\u00c0 propos<\/a><\/li>\n<li id=\"menu-item-44\" class=\"menu-item menu-item-type-custom menu-item-object-custom menu-item-home menu-item-44\"><a href=\"https:\/\/tonveto.ch\/#contact\">contact<\/a><\/li>\n<\/ul>                <button class=\"eael-simple-menu-toggle\">\n                    <span class=\"sr-only \">Hamburger Toggle Menu<\/span>\n                    <svg aria-hidden=\"true\" class=\"e-font-icon-svg e-fas-bars\" viewBox=\"0 0 448 512\" xmlns=\"http:\/\/www.w3.org\/2000\/svg\"><path d=\"M16 132h416c8.837 0 16-7.163 16-16V76c0-8.837-7.163-16-16-16H16C7.163 60 0 67.163 0 76v40c0 8.837 7.163 16 16 16zm0 160h416c8.837 0 16-7.163 16-16v-40c0-8.837-7.163-16-16-16H16c-8.837 0-16 7.163-16 16v40c0 8.837 7.163 16 16 16zm0 160h416c8.837 0 16-7.163 16-16v-40c0-8.837-7.163-16-16-16H16c-8.837 0-16 7.163-16 16v40c0 8.837 7.163 16 16 16z\"><\/path><\/svg>                <\/button>\n            <\/div>\n            \t\t\t\t<\/div>\n\t\t\t\t<\/div>\n\t\t\t\t<\/div>\n\t\t<div class=\"elementor-element elementor-element-dbf9ce6 e-con-full social-col e-flex e-con e-child\" data-id=\"dbf9ce6\" data-element_type=\"container\">\n\t\t\t\t<div class=\"elementor-element elementor-element-5567eab elementor-widget elementor-widget-spacer\" data-id=\"5567eab\" data-element_type=\"widget\" data-widget_type=\"spacer.default\">\n\t\t\t\t<div class=\"elementor-widget-container\">\n\t\t\t\t\t\t\t<div class=\"elementor-spacer\">\n\t\t\t<div class=\"elementor-spacer-inner\"><\/div>\n\t\t<\/div>\n\t\t\t\t\t\t<\/div>\n\t\t\t\t<\/div>\n\t\t\t\t<div class=\"elementor-element elementor-element-4a7a978 elementor-shape-rounded elementor-grid-0 e-grid-align-center elementor-widget elementor-widget-social-icons\" data-id=\"4a7a978\" data-element_type=\"widget\" data-widget_type=\"social-icons.default\">\n\t\t\t\t<div class=\"elementor-widget-container\">\n\t\t\t\t\t\t\t<div class=\"elementor-social-icons-wrapper elementor-grid\">\n\t\t\t\t\t\t\t<span class=\"elementor-grid-item\">\n\t\t\t\t\t<a class=\"elementor-icon elementor-social-icon elementor-social-icon-instagram elementor-repeater-item-408078c\" target=\"_blank\">\n\t\t\t\t\t\t<span class=\"elementor-screen-only\">Instagram<\/span>\n\t\t\t\t\t\t<svg class=\"e-font-icon-svg e-fab-instagram\" viewBox=\"0 0 448 512\" xmlns=\"http:\/\/www.w3.org\/2000\/svg\"><path d=\"M224.1 141c-63.6 0-114.9 51.3-114.9 114.9s51.3 114.9 114.9 114.9S339 319.5 339 255.9 287.7 141 224.1 141zm0 189.6c-41.1 0-74.7-33.5-74.7-74.7s33.5-74.7 74.7-74.7 74.7 33.5 74.7 74.7-33.6 74.7-74.7 74.7zm146.4-194.3c0 14.9-12 26.8-26.8 26.8-14.9 0-26.8-12-26.8-26.8s12-26.8 26.8-26.8 26.8 12 26.8 26.8zm76.1 27.2c-1.7-35.9-9.9-67.7-36.2-93.9-26.2-26.2-58-34.4-93.9-36.2-37-2.1-147.9-2.1-184.9 0-35.8 1.7-67.6 9.9-93.9 36.1s-34.4 58-36.2 93.9c-2.1 37-2.1 147.9 0 184.9 1.7 35.9 9.9 67.7 36.2 93.9s58 34.4 93.9 36.2c37 2.1 147.9 2.1 184.9 0 35.9-1.7 67.7-9.9 93.9-36.2 26.2-26.2 34.4-58 36.2-93.9 2.1-37 2.1-147.8 0-184.8zM398.8 388c-7.8 19.6-22.9 34.7-42.6 42.6-29.5 11.7-99.5 9-132.1 9s-102.7 2.6-132.1-9c-19.6-7.8-34.7-22.9-42.6-42.6-11.7-29.5-9-99.5-9-132.1s-2.6-102.7 9-132.1c7.8-19.6 22.9-34.7 42.6-42.6 29.5-11.7 99.5-9 132.1-9s102.7-2.6 132.1 9c19.6 7.8 34.7 22.9 42.6 42.6 11.7 29.5 9 99.5 9 132.1s2.7 102.7-9 132.1z\"><\/path><\/svg>\t\t\t\t\t<\/a>\n\t\t\t\t<\/span>\n\t\t\t\t\t<\/div>\n\t\t\t\t\t\t<\/div>\n\t\t\t\t<\/div>\n\t\t\t\t<\/div>\n\t\t\t\t\t<\/div>\n\t\t\t\t<\/div>\n\t\t\t\t<\/div>\n\t\t<div class=\"elementor-element elementor-element-38100b7 e-flex e-con-boxed e-con e-parent\" data-id=\"38100b7\" data-element_type=\"container\" data-settings=\"{&quot;background_background&quot;:&quot;classic&quot;}\">\n\t\t\t\t\t<div class=\"e-con-inner\">\n\t\t<div class=\"elementor-element elementor-element-046162d e-con-full e-flex e-con e-child\" data-id=\"046162d\" data-element_type=\"container\">\n\t\t\t\t<div class=\"elementor-element elementor-element-c681385 elementor-widget elementor-widget-spacer\" data-id=\"c681385\" data-element_type=\"widget\" data-widget_type=\"spacer.default\">\n\t\t\t\t<div class=\"elementor-widget-container\">\n\t\t\t\t\t\t\t<div class=\"elementor-spacer\">\n\t\t\t<div class=\"elementor-spacer-inner\"><\/div>\n\t\t<\/div>\n\t\t\t\t\t\t<\/div>\n\t\t\t\t<\/div>\n\t\t\t\t<div class=\"elementor-element elementor-element-2c368b5 elementor-widget elementor-widget-heading\" data-id=\"2c368b5\" data-element_type=\"widget\" data-widget_type=\"heading.default\">\n\t\t\t\t<div class=\"elementor-widget-container\">\n\t\t\t\t\t<h2 class=\"elementor-heading-title elementor-size-default\">C\u00e9sar de Mestral, V\u00e9t\u00e9rinaire avec une exp\u00e9rience internationale<\/h2>\t\t\t\t<\/div>\n\t\t\t\t<\/div>\n\t\t\t\t<div class=\"elementor-element elementor-element-4ad8d4a elementor-widget__width-initial elementor-widget elementor-widget-text-editor\" data-id=\"4ad8d4a\" data-element_type=\"widget\" data-widget_type=\"text-editor.default\">\n\t\t\t\t<div class=\"elementor-widget-container\">\n\t\t\t\t\t\t\t\t\t<p><strong>Dr m\u00e9d.-v\u00e9t. C\u00e9sar de Mestral<\/strong><\/p><p>N\u00e9 au Paraguay, issu d\u2019une famille d\u2019origine vaudoise et bernoise, le Dr C\u00e9sar de Mestral a effectu\u00e9 ses \u00e9tudes de m\u00e9decine v\u00e9t\u00e9rinaire dans son pays natal. Il a ensuite poursuivi une sp\u00e9cialisation en reproduction bovine en Argentine, puis une seconde sp\u00e9cialisation en m\u00e9decine interne en Espagne.<\/p><p>Il y a plus de dix ans, il a pris la d\u00e9cision, avec son \u00e9pouse Gilda, de quitter le Paraguay pour s\u2019installer en Suisse, terre de ses anc\u00eatres. Cette aventure a d\u00e9but\u00e9 avec pour seules r\u00e9f\u00e9rences quelques photos de son enfance en Suisse et, surtout, les souvenirs transmis par son p\u00e8re et son grand-p\u00e8re, riches en r\u00e9cits sur ce pays magnifique.<\/p><p>Depuis son arriv\u00e9e, il exerce la m\u00e9decine v\u00e9t\u00e9rinaire en Suisse avec passion et professionnalisme. Gr\u00e2ce \u00e0 son humilit\u00e9, son empathie, son profond respect du bien-\u00eatre animal et son expertise, il a su gagner la confiance de ses clients et coll\u00e8gues. Toujours \u00e0 l\u2019\u00e9coute des besoins des agriculteurs et des propri\u00e9taires, son sourire chaleureux est devenu sa marque de fabrique.<\/p><p>Confront\u00e9 \u00e0 de nombreux changements, il a su faire preuve de r\u00e9silience et d\u2019endurance, qualit\u00e9s fondamentales de sa personnalit\u00e9.<\/p><p>Engag\u00e9 activement pour l\u2019environnement, il participe chaque ann\u00e9e \u00e0 des actions concr\u00e8tes telles que le sauvetage de faons, la plantation de haies et le comptage du gibier afin d\u2019\u00e9valuer les populations locales.<\/p>\t\t\t\t\t\t\t\t<\/div>\n\t\t\t\t<\/div>\n\t\t\t\t<\/div>\n\t\t<div class=\"elementor-element elementor-element-ce180de e-con-full e-flex e-con e-child\" data-id=\"ce180de\" data-element_type=\"container\">\n\t\t\t\t<div class=\"elementor-element elementor-element-0ea91e0 elementor-widget elementor-widget-spacer\" data-id=\"0ea91e0\" data-element_type=\"widget\" data-widget_type=\"spacer.default\">\n\t\t\t\t<div class=\"elementor-widget-container\">\n\t\t\t\t\t\t\t<div class=\"elementor-spacer\">\n\t\t\t<div class=\"elementor-spacer-inner\"><\/div>\n\t\t<\/div>\n\t\t\t\t\t\t<\/div>\n\t\t\t\t<\/div>\n\t\t\t\t<div class=\"elementor-element elementor-element-b402f43 elementor-widget elementor-widget-image\" data-id=\"b402f43\" data-element_type=\"widget\" data-widget_type=\"image.default\">\n\t\t\t\t<div class=\"elementor-widget-container\">\n\t\t\t\t\t\t\t\t\t\t\t\t\t\t\t<img decoding=\"async\" width=\"682\" height=\"1024\" src=\"https:\/\/tonveto.ch\/wp-content\/uploads\/2025\/08\/about_tonveto-682x1024.jpg\" class=\"attachment-large size-large wp-image-301\" alt=\"\" srcset=\"https:\/\/tonveto.ch\/wp-content\/uploads\/2025\/08\/about_tonveto-682x1024.jpg 682w, https:\/\/tonveto.ch\/wp-content\/uploads\/2025\/08\/about_tonveto-200x300.jpg 200w, https:\/\/tonveto.ch\/wp-content\/uploads\/2025\/08\/about_tonveto-768x1153.jpg 768w, https:\/\/tonveto.ch\/wp-content\/uploads\/2025\/08\/about_tonveto-1023x1536.jpg 1023w, https:\/\/tonveto.ch\/wp-content\/uploads\/2025\/08\/about_tonveto.jpg 1066w\" sizes=\"(max-width: 682px) 100vw, 682px\" \/>\t\t\t\t\t\t\t\t\t\t\t\t\t\t\t<\/div>\n\t\t\t\t<\/div>\n\t\t\t\t<\/div>\n\t\t\t\t\t<\/div>\n\t\t\t\t<\/div>\n\t\t<div class=\"elementor-element elementor-element-c32eac5 e-flex e-con-boxed e-con e-parent\" data-id=\"c32eac5\" data-element_type=\"container\" data-settings=\"{&quot;background_background&quot;:&quot;classic&quot;}\">\n\t\t\t\t\t<div class=\"e-con-inner\">\n\t\t<div class=\"elementor-element elementor-element-9c79dd1 e-con-full e-flex e-con e-child\" data-id=\"9c79dd1\" data-element_type=\"container\">\n\t\t\t\t<div class=\"elementor-element elementor-element-28560b4 elementor-widget elementor-widget-image\" data-id=\"28560b4\" data-element_type=\"widget\" data-widget_type=\"image.default\">\n\t\t\t\t<div class=\"elementor-widget-container\">\n\t\t\t\t\t\t\t\t\t\t\t\t\t\t\t<img decoding=\"async\" width=\"682\" height=\"1024\" src=\"https:\/\/tonveto.ch\/wp-content\/uploads\/2025\/08\/WhatsApp-Image-2025-07-30-at-17.27.54-1-682x1024.jpeg\" class=\"attachment-large size-large wp-image-302\" alt=\"\" srcset=\"https:\/\/tonveto.ch\/wp-content\/uploads\/2025\/08\/WhatsApp-Image-2025-07-30-at-17.27.54-1-682x1024.jpeg 682w, https:\/\/tonveto.ch\/wp-content\/uploads\/2025\/08\/WhatsApp-Image-2025-07-30-at-17.27.54-1-200x300.jpeg 200w, https:\/\/tonveto.ch\/wp-content\/uploads\/2025\/08\/WhatsApp-Image-2025-07-30-at-17.27.54-1-768x1153.jpeg 768w, https:\/\/tonveto.ch\/wp-content\/uploads\/2025\/08\/WhatsApp-Image-2025-07-30-at-17.27.54-1-1023x1536.jpeg 1023w, https:\/\/tonveto.ch\/wp-content\/uploads\/2025\/08\/WhatsApp-Image-2025-07-30-at-17.27.54-1.jpeg 1066w\" sizes=\"(max-width: 682px) 100vw, 682px\" \/>\t\t\t\t\t\t\t\t\t\t\t\t\t\t\t<\/div>\n\t\t\t\t<\/div>\n\t\t\t\t<\/div>\n\t\t<div class=\"elementor-element elementor-element-e4d0fd7 e-con-full e-flex e-con e-child\" data-id=\"e4d0fd7\" data-element_type=\"container\">\n\t\t\t\t<div class=\"elementor-element elementor-element-90083cf elementor-widget elementor-widget-image\" data-id=\"90083cf\" data-element_type=\"widget\" data-widget_type=\"image.default\">\n\t\t\t\t<div class=\"elementor-widget-container\">\n\t\t\t\t\t\t\t\t\t\t\t\t\t\t\t<img loading=\"lazy\" decoding=\"async\" width=\"682\" height=\"1024\" src=\"https:\/\/tonveto.ch\/wp-content\/uploads\/2025\/08\/WhatsApp-Image-2025-07-30-at-17.27.55-1-682x1024.jpeg\" class=\"attachment-large size-large wp-image-299\" alt=\"\" srcset=\"https:\/\/tonveto.ch\/wp-content\/uploads\/2025\/08\/WhatsApp-Image-2025-07-30-at-17.27.55-1-682x1024.jpeg 682w, https:\/\/tonveto.ch\/wp-content\/uploads\/2025\/08\/WhatsApp-Image-2025-07-30-at-17.27.55-1-200x300.jpeg 200w, https:\/\/tonveto.ch\/wp-content\/uploads\/2025\/08\/WhatsApp-Image-2025-07-30-at-17.27.55-1-768x1153.jpeg 768w, https:\/\/tonveto.ch\/wp-content\/uploads\/2025\/08\/WhatsApp-Image-2025-07-30-at-17.27.55-1-1023x1536.jpeg 1023w, https:\/\/tonveto.ch\/wp-content\/uploads\/2025\/08\/WhatsApp-Image-2025-07-30-at-17.27.55-1.jpeg 1066w\" sizes=\"(max-width: 682px) 100vw, 682px\" \/>\t\t\t\t\t\t\t\t\t\t\t\t\t\t\t<\/div>\n\t\t\t\t<\/div>\n\t\t\t\t<\/div>\n\t\t<div class=\"elementor-element elementor-element-aad87e8 e-con-full e-flex e-con e-child\" data-id=\"aad87e8\" data-element_type=\"container\">\n\t\t\t\t<div class=\"elementor-element elementor-element-8e4b07c elementor-widget elementor-widget-image\" data-id=\"8e4b07c\" data-element_type=\"widget\" data-widget_type=\"image.default\">\n\t\t\t\t<div class=\"elementor-widget-container\">\n\t\t\t\t\t\t\t\t\t\t\t\t\t\t\t<img loading=\"lazy\" decoding=\"async\" width=\"682\" height=\"1024\" src=\"https:\/\/tonveto.ch\/wp-content\/uploads\/2025\/08\/WhatsApp-Image-2025-07-30-at-17.27.55-1-1-682x1024.jpeg\" class=\"attachment-large size-large wp-image-300\" alt=\"\" srcset=\"https:\/\/tonveto.ch\/wp-content\/uploads\/2025\/08\/WhatsApp-Image-2025-07-30-at-17.27.55-1-1-682x1024.jpeg 682w, https:\/\/tonveto.ch\/wp-content\/uploads\/2025\/08\/WhatsApp-Image-2025-07-30-at-17.27.55-1-1-200x300.jpeg 200w, https:\/\/tonveto.ch\/wp-content\/uploads\/2025\/08\/WhatsApp-Image-2025-07-30-at-17.27.55-1-1-768x1153.jpeg 768w, https:\/\/tonveto.ch\/wp-content\/uploads\/2025\/08\/WhatsApp-Image-2025-07-30-at-17.27.55-1-1-1023x1536.jpeg 1023w, https:\/\/tonveto.ch\/wp-content\/uploads\/2025\/08\/WhatsApp-Image-2025-07-30-at-17.27.55-1-1.jpeg 1066w\" sizes=\"(max-width: 682px) 100vw, 682px\" \/>\t\t\t\t\t\t\t\t\t\t\t\t\t\t\t<\/div>\n\t\t\t\t<\/div>\n\t\t\t\t<\/div>\n\t\t\t\t\t<\/div>\n\t\t\t\t<\/div>\n\t\t<div class=\"elementor-element elementor-element-2f9070f e-flex e-con-boxed e-con e-parent\" data-id=\"2f9070f\" data-element_type=\"container\" data-settings=\"{&quot;background_background&quot;:&quot;classic&quot;}\">\n\t\t\t\t\t<div class=\"e-con-inner\">\n\t\t<div class=\"elementor-element elementor-element-7f0a35f e-con-full e-flex e-con e-child\" data-id=\"7f0a35f\" data-element_type=\"container\">\n\t\t\t\t<div class=\"elementor-element elementor-element-5cdeb58 elementor-widget elementor-widget-image\" data-id=\"5cdeb58\" data-element_type=\"widget\" data-widget_type=\"image.default\">\n\t\t\t\t<div class=\"elementor-widget-container\">\n\t\t\t\t\t\t\t\t\t\t\t\t\t\t\t<img loading=\"lazy\" decoding=\"async\" width=\"300\" height=\"300\" src=\"https:\/\/tonveto.ch\/wp-content\/uploads\/2025\/07\/tonveto_logo_final.png\" class=\"attachment-large size-large wp-image-289\" alt=\"\" srcset=\"https:\/\/tonveto.ch\/wp-content\/uploads\/2025\/07\/tonveto_logo_final.png 300w, https:\/\/tonveto.ch\/wp-content\/uploads\/2025\/07\/tonveto_logo_final-150x150.png 150w\" sizes=\"(max-width: 300px) 100vw, 300px\" \/>\t\t\t\t\t\t\t\t\t\t\t\t\t\t\t<\/div>\n\t\t\t\t<\/div>\n\t\t\t\t<\/div>\n\t\t<div class=\"elementor-element elementor-element-fee90a5 e-con-full e-flex e-con e-child\" data-id=\"fee90a5\" data-element_type=\"container\">\n\t\t\t\t<div class=\"elementor-element elementor-element-74b9b7a elementor-widget elementor-widget-spacer\" data-id=\"74b9b7a\" data-element_type=\"widget\" data-widget_type=\"spacer.default\">\n\t\t\t\t<div class=\"elementor-widget-container\">\n\t\t\t\t\t\t\t<div class=\"elementor-spacer\">\n\t\t\t<div class=\"elementor-spacer-inner\"><\/div>\n\t\t<\/div>\n\t\t\t\t\t\t<\/div>\n\t\t\t\t<\/div>\n\t\t\t\t<div class=\"elementor-element elementor-element-bc7d766 elementor-widget elementor-widget-text-editor\" data-id=\"bc7d766\" data-element_type=\"widget\" data-widget_type=\"text-editor.default\">\n\t\t\t\t<div class=\"elementor-widget-container\">\n\t\t\t\t\t\t\t\t\t<p>Adresse: La Ch\u00e2tagne 7, 2406 La Ch\u00e2tagne <br \/>T\u00e9l: +41 79 919 46 59<\/p>\t\t\t\t\t\t\t\t<\/div>\n\t\t\t\t<\/div>\n\t\t\t\t<\/div>\n\t\t<div class=\"elementor-element elementor-element-10e53fb e-con-full e-flex e-con e-child\" data-id=\"10e53fb\" data-element_type=\"container\">\n\t\t\t\t<div class=\"elementor-element elementor-element-767b554 elementor-widget elementor-widget-spacer\" data-id=\"767b554\" data-element_type=\"widget\" data-widget_type=\"spacer.default\">\n\t\t\t\t<div class=\"elementor-widget-container\">\n\t\t\t\t\t\t\t<div class=\"elementor-spacer\">\n\t\t\t<div class=\"elementor-spacer-inner\"><\/div>\n\t\t<\/div>\n\t\t\t\t\t\t<\/div>\n\t\t\t\t<\/div>\n\t\t\t\t<div class=\"elementor-element elementor-element-6c0631b elementor-shape-rounded elementor-grid-0 e-grid-align-center elementor-widget elementor-widget-social-icons\" data-id=\"6c0631b\" data-element_type=\"widget\" data-widget_type=\"social-icons.default\">\n\t\t\t\t<div class=\"elementor-widget-container\">\n\t\t\t\t\t\t\t<div class=\"elementor-social-icons-wrapper elementor-grid\">\n\t\t\t\t\t\t\t<span class=\"elementor-grid-item\">\n\t\t\t\t\t<a class=\"elementor-icon elementor-social-icon elementor-social-icon-instagram elementor-repeater-item-408078c\" target=\"_blank\">\n\t\t\t\t\t\t<span class=\"elementor-screen-only\">Instagram<\/span>\n\t\t\t\t\t\t<svg class=\"e-font-icon-svg e-fab-instagram\" viewBox=\"0 0 448 512\" xmlns=\"http:\/\/www.w3.org\/2000\/svg\"><path d=\"M224.1 141c-63.6 0-114.9 51.3-114.9 114.9s51.3 114.9 114.9 114.9S339 319.5 339 255.9 287.7 141 224.1 141zm0 189.6c-41.1 0-74.7-33.5-74.7-74.7s33.5-74.7 74.7-74.7 74.7 33.5 74.7 74.7-33.6 74.7-74.7 74.7zm146.4-194.3c0 14.9-12 26.8-26.8 26.8-14.9 0-26.8-12-26.8-26.8s12-26.8 26.8-26.8 26.8 12 26.8 26.8zm76.1 27.2c-1.7-35.9-9.9-67.7-36.2-93.9-26.2-26.2-58-34.4-93.9-36.2-37-2.1-147.9-2.1-184.9 0-35.8 1.7-67.6 9.9-93.9 36.1s-34.4 58-36.2 93.9c-2.1 37-2.1 147.9 0 184.9 1.7 35.9 9.9 67.7 36.2 93.9s58 34.4 93.9 36.2c37 2.1 147.9 2.1 184.9 0 35.9-1.7 67.7-9.9 93.9-36.2 26.2-26.2 34.4-58 36.2-93.9 2.1-37 2.1-147.8 0-184.8zM398.8 388c-7.8 19.6-22.9 34.7-42.6 42.6-29.5 11.7-99.5 9-132.1 9s-102.7 2.6-132.1-9c-19.6-7.8-34.7-22.9-42.6-42.6-11.7-29.5-9-99.5-9-132.1s-2.6-102.7 9-132.1c7.8-19.6 22.9-34.7 42.6-42.6 29.5-11.7 99.5-9 132.1-9s102.7-2.6 132.1 9c19.6 7.8 34.7 22.9 42.6 42.6 11.7 29.5 9 99.5 9 132.1s2.7 102.7-9 132.1z\"><\/path><\/svg>\t\t\t\t\t<\/a>\n\t\t\t\t<\/span>\n\t\t\t\t\t<\/div>\n\t\t\t\t\t\t<\/div>\n\t\t\t\t<\/div>\n\t\t\t\t<\/div>\n\t\t\t\t\t<\/div>\n\t\t\t\t<\/div>\n\t\t\t\t<\/div>\n\t\t","protected":false},"excerpt":{"rendered":"<p>Accueil Services \u00c0 propos contact Hamburger Toggle Menu Instagram C\u00e9sar de Mestral, V\u00e9t\u00e9rinaire avec une exp\u00e9rience internationale Dr m\u00e9d.-v\u00e9t. C\u00e9sar de Mestral N\u00e9 au Paraguay, issu d\u2019une famille d\u2019origine vaudoise et bernoise, le Dr C\u00e9sar de Mestral a effectu\u00e9 ses \u00e9tudes de m\u00e9decine v\u00e9t\u00e9rinaire dans son pays natal. Il a ensuite poursuivi une sp\u00e9cialisation en [&hellip;]<\/p>\n","protected":false},"author":1,"featured_media":0,"parent":0,"menu_order":0,"comment_status":"closed","ping_status":"closed","template":"elementor_canvas","meta":{"footnotes":""},"class_list":["post-295","page","type-page","status-publish","hentry"],"_links":{"self":[{"href":"https:\/\/tonveto.ch\/index.php?rest_route=\/wp\/v2\/pages\/295","targetHints":{"allow":["GET"]}}],"collection":[{"href":"https:\/\/tonveto.ch\/index.php?rest_route=\/wp\/v2\/pages"}],"about":[{"href":"https:\/\/tonveto.ch\/index.php?rest_route=\/wp\/v2\/types\/page"}],"author":[{"embeddable":true,"href":"https:\/\/tonveto.ch\/index.php?rest_route=\/wp\/v2\/users\/1"}],"replies":[{"embeddable":true,"href":"https:\/\/tonveto.ch\/index.php?rest_route=%2Fwp%2Fv2%2Fcomments&post=295"}],"version-history":[{"count":13,"href":"https:\/\/tonveto.ch\/index.php?rest_route=\/wp\/v2\/pages\/295\/revisions"}],"predecessor-version":[{"id":349,"href":"https:\/\/tonveto.ch\/index.php?rest_route=\/wp\/v2\/pages\/295\/revisions\/349"}],"wp:attachment":[{"href":"https:\/\/tonveto.ch\/index.php?rest_route=%2Fwp%2Fv2%2Fmedia&parent=295"}],"curies":[{"name":"wp","href":"https:\/\/api.w.org\/{rel}","templated":true}]}}